{"id":2,"date":"2017-11-15T19:17:18","date_gmt":"2017-11-15T18:17:18","guid":{"rendered":"http:\/\/loire-triathlon.fr\/?page_id=2"},"modified":"2019-02-06T17:20:12","modified_gmt":"2019-02-06T16:20:12","slug":"page-d-exemple","status":"publish","type":"page","link":"https:\/\/loire-triathlon.fr\/index.php\/page-d-exemple\/","title":{"rendered":"Le comit\u00e9"},"content":{"rendered":"<h4>Le bureau :<\/h4>\n<p>Pr\u00e9sident &#8211; Robert MALHOMME<\/p>\n<p>Secr\u00e9taire &#8211; Yves GACHON<\/p>\n<p>Tr\u00e9sorier &#8211; Jacky BENEVENT<\/p>\n<p>Cadre technique &#8211; Christophe BASTIE<\/p>\n<h4>Membres :<\/h4>\n<p>Yvan ORIOL &#8211; CNSC St Chamond<\/p>\n<p>Christian MASSIAS &#8211; Montbrison Triathlon<\/p>\n<p>Hubert MOULIN &#8211; ASMSE Tri 42<\/p>\n<p>Arthur DION &#8211; Roanne Triathlon<\/p>\n<p>Christophe MARY- Feurs Triathlon<\/p>\n<p>Jean-luc JOLY &#8211; Team V\u00e9lopuissance<\/p>\n<p>&nbsp;<\/p>\n","protected":false},"excerpt":{"rendered":"<p>Le bureau : Pr\u00e9sident &#8211; Robert MALHOMME Secr\u00e9taire &#8211; Yves GACHON Tr\u00e9sorier &#8211; Jacky BENEVENT Cadre technique &#8211; Christophe BASTIE Membres : Yvan ORIOL &#8211; CNSC St Chamond Christian MASSIAS &#8211; Montbrison Triathlon Hubert MOULIN &#8211; ASMSE Tri 42 Arthur DION &#8211; Roanne Triathlon Christophe MARY- Feurs Triathlon Jean-luc JOLY &#8211; Team V\u00e9lopuissance &nbsp;<\/p>\n","protected":false},"author":1,"featured_media":0,"parent":0,"menu_order":0,"comment_status":"closed","ping_status":"open","template":"","meta":[],"_links":{"self":[{"href":"https:\/\/loire-triathlon.fr\/index.php\/wp-json\/wp\/v2\/pages\/2"}],"collection":[{"href":"https:\/\/loire-triathlon.fr\/index.php\/wp-json\/wp\/v2\/pages"}],"about":[{"href":"https:\/\/loire-triathlon.fr\/index.php\/wp-json\/wp\/v2\/types\/page"}],"author":[{"embeddable":true,"href":"https:\/\/loire-triathlon.fr\/index.php\/wp-json\/wp\/v2\/users\/1"}],"replies":[{"embeddable":true,"href":"https:\/\/loire-triathlon.fr\/index.php\/wp-json\/wp\/v2\/comments?post=2"}],"version-history":[{"count":9,"href":"https:\/\/loire-triathlon.fr\/index.php\/wp-json\/wp\/v2\/pages\/2\/revisions"}],"predecessor-version":[{"id":85,"href":"https:\/\/loire-triathlon.fr\/index.php\/wp-json\/wp\/v2\/pages\/2\/revisions\/85"}],"wp:attachment":[{"href":"https:\/\/loire-triathlon.fr\/index.php\/wp-json\/wp\/v2\/media?parent=2"}],"curies":[{"name":"wp","href":"https:\/\/api.w.org\/{rel}","templated":true}]}}